{"id":143,"date":"2023-02-11T14:34:15","date_gmt":"2023-02-11T14:34:15","guid":{"rendered":"https:\/\/cg2mconsulting.com\/?page_id=143"},"modified":"2023-03-14T12:16:19","modified_gmt":"2023-03-14T12:16:19","slug":"cursos","status":"publish","type":"page","link":"https:\/\/cg2mconsulting.com\/pt\/cursos\/","title":{"rendered":"Cursos"},"content":{"rendered":"<div class=\"wp-block-uagb-advanced-heading uagb-block-65600c55 ticss-b8ed023d uagb-heading-text\"><h1 class=\"uagb-heading-text\"><h1 class=\"uagb-heading-text\">Nossos cursos<\/h1><\/h1><\/div>\n\n\n\n<section id=\"wp-block-themeisle-blocks-advanced-columns-e0e1ab2e\" class=\"wp-block-themeisle-blocks-advanced-columns alignfull has-2-columns has-desktop-equal-layout has-tablet-equal-layout has-mobile-collapsedRows-layout has-vertical-flex-start ticss-7b5eb70a\"><div class=\"wp-block-themeisle-blocks-advanced-columns-overlay\"><\/div><div class=\"innerblocks-wrap\">\n<div id=\"wp-block-themeisle-blocks-advanced-column-2489d76c\" class=\"wp-block-themeisle-blocks-advanced-column ticss-e5a6489e\">\n<h3 id=\"wp-block-themeisle-blocks-advanced-heading-e30ccf77\" class=\"wp-block-themeisle-blocks-advanced-heading wp-block-themeisle-blocks-advanced-heading-e30ccf77\">Tactical Combat Casualty Care &#8211; TCCC<\/h3>\n\n\n\n<div class=\"wp-block-essential-blocks-advanced-image ticss-9f7dc1c9\"><div class=\"eb-parent-wrapper eb-parent-eb-advanced-image-g4ndfn5\"><figure class=\"eb-advanced-image-wrapper eb-advanced-image-g4ndfn5 img-style-rounded caption-style-1 caption-horizontal-center caption-vertical-bottom bottom slide\" data-id=\"eb-advanced-image-g4ndfn5\"><div class=\"image-wrapper\"><img decoding=\"async\" src=\"https:\/\/cg2mconsulting.com\/wp-content\/uploads\/2023\/02\/Imagen1.png\" alt=\"\"\/><\/div><\/figure><\/div><\/div>\n\n\n\n<p class=\"has-text-align-center\"><span style=\"text-decoration: underline\" class=\"underline\">Neste curso voc\u00ea aprender\u00e1:<\/span><\/p>\n\n\n\n<p class=\"has-text-align-left ticss-2d508bef\"><br>-M (hemorragias maci\u00e7as)<br>-A (via a\u00e9rea)<br>-R (respira\u00e7\u00e3o)<br>-C (Circula\u00e7\u00e3o)<br>-H (hipotermia)<br>-E (outros)<\/p>\n\n\n\n<div class=\"wp-block-essential-blocks-popup conditional ticss-25621c61\"><div class=\"eb-parent-wrapper\"><div id=\"eb-popup-ohbrws5\" class=\"eb-popup-container eb-popup-ohbrws5\" data-block-id=\"eb-popup-ohbrws5\" data-popup-type=\"btn_click\" data-close-btn=\"true\" data-esc-btn=\"true\" data-click-exit=\"true\" data-auto-exit=\"false\" data-auto-exit-time=\"3\" data-use-cookie=\"true\" data-cookie-expire-time=\"\"><div class=\"eb-popup-btn-wrapper eb-parent-eb-popup-ohbrws5\"><div class=\"eb-popup-button alignment-center\"><a class=\"eb-popup-button-anchor\"><p>Mais informa\u00e7\u00e3o<\/p><\/a><\/div><\/div><div class=\"eb-popup-overlay\"><\/div><div class=\"modal-main-wrap\"><div class=\"eb-modal-container eb_popup_middle_center\"><div class=\"eb-popup-content\"><div class=\"eb-popup-close-icon\">X<\/div>\n\n\t\n\t<div id=\"ep-gutenberg-content-7f2964cb84dcbfceb2f9a23bc826c14d\" class=\"ep-gutenberg-content  ep-fixed-width   ep-content-protection-disabled\">\n\t\t<div class=\"embedpress-inner-iframe  ep-doc-7f2964cb84dcbfceb2f9a23bc826c14d\" style=\"max-width:100%\" id=\"embedpress-pdf-1678658176558\">\n\t\t\n\t\t\t<div class=\"ep-embed-content-wraper\"><div class=\"position-right-wraper gutenberg-pdf-wraper\"><iframe title=\"web_tc3\" class=\"embedpress-embed-document-pdf embedpress-pdf-1678658176558\" style=\"width:600px;height:600px; max-width:100%; display: inline-block\" src=\"https:\/\/cg2mconsulting.com\/wp-admin\/admin-ajax.php?action=get_viewer&amp;file=https%3A%2F%2Fcg2mconsulting.com%2Fwp-content%2Fuploads%2F2023%2F03%2Fweb_tc3.pdf#key=dGhlbWVNb2RlPWRlZmF1bHQmdG9vbGJhcj10cnVlJnBvc2l0aW9uPXRvcCZwcmVzZW50YXRpb249dHJ1ZSZkb3dubG9hZD10cnVlJmNvcHlfdGV4dD10cnVlJmFkZF90ZXh0PXRydWUmZHJhdz10cnVlJmRvY19yb3RhdGlvbj10cnVlJmRvY19kZXRhaWxzPXRydWU=\" frameborder=\"0\" oncontextmenu=\"return false;\"><\/iframe> <\/div><\/div>\t\t\t\n\t\t<\/div>\n\t<\/div>\n\n\n\n<div id=\"wp-block-themeisle-blocks-button-group-1a1862c9\" class=\"wp-block-themeisle-blocks-button-group wp-block-buttons align-full-desktop\">\n<div id=\"wp-block-themeisle-blocks-button-9903ec24\" class=\"wp-block-themeisle-blocks-button wp-block-button\"><a target=\"_self\" rel=\"noopener noreferrer\" class=\"wp-block-button__link\"><span>DESCARGAR PDF<\/span><\/a><\/div>\n<\/div>\n<\/div><\/div><\/div><\/div><\/div><\/div>\n\n\n\n<div id=\"wp-block-themeisle-blocks-button-group-d0d5b4c8\" class=\"wp-block-themeisle-blocks-button-group wp-block-buttons align-full-desktop\"><\/div>\n\n\n\n<div class=\"wp-block-buttons is-vertical is-content-justification-center is-layout-flex wp-container-core-buttons-is-layout-1 wp-block-buttons-is-layout-flex\"><\/div>\n<\/div>\n\n\n\n<div id=\"wp-block-themeisle-blocks-advanced-column-991b18b5\" class=\"wp-block-themeisle-blocks-advanced-column ticss-06fb51dd\">\n<h3 id=\"wp-block-themeisle-blocks-advanced-heading-6b0710bb\" class=\"wp-block-themeisle-blocks-advanced-heading wp-block-themeisle-blocks-advanced-heading-6b0710bb\">Curso de prote\u00e7\u00e3o das autoridades<\/h3>\n\n\n\n<div class=\"wp-block-essential-blocks-advanced-image ticss-7da9c9f9\"><div class=\"eb-parent-wrapper eb-parent-eb-advanced-image-52xrphc\"><figure class=\"eb-advanced-image-wrapper eb-advanced-image-52xrphc img-style-rounded caption-style-1 caption-horizontal-center caption-vertical-bottom bottom slide\" data-id=\"eb-advanced-image-52xrphc\"><div class=\"image-wrapper\"><img decoding=\"async\" src=\"https:\/\/cg2mconsulting.com\/wp-content\/uploads\/2023\/02\/Close-protection.jpeg\" alt=\"\"\/><figcaption>Bodyguard and VIP people security protection. Combat gun shooting training on outdoor shooting range<\/figcaption><\/div><\/figure><\/div><\/div>\n\n\n\n<p class=\"has-text-align-center ticss-85204598\"><span style=\"text-decoration: underline\" class=\"underline\">Neste curso voc\u00ea aprender\u00e1:<\/span><\/p>\n\n\n\n<p class=\"ticss-17801065\"><br>&#8211; Evaluaci\u00f3n de amenazas<br>&#8211; Instrucci\u00f3n individual a nivel escolta<br>&#8211; Escolta vehicular<br>&#8211; Uso de seguridad avanzada<br>&#8211; Planeamiento y gesti\u00f3n de itinerarios a pie<br>&#8211; Planeamiento y gesti\u00f3n de itinerarios en veh\u00edculo<\/p>\n\n\n\n<div class=\"wp-block-essential-blocks-popup conditional ticss-b53de133\"><div class=\"eb-parent-wrapper\"><div id=\"eb-popup-z6q6dql\" class=\"eb-popup-container eb-popup-z6q6dql\" data-block-id=\"eb-popup-z6q6dql\" data-popup-type=\"btn_click\" data-close-btn=\"true\" data-esc-btn=\"true\" data-click-exit=\"true\" data-auto-exit=\"false\" data-auto-exit-time=\"3\" data-use-cookie=\"true\" data-cookie-expire-time=\"\"><div class=\"eb-popup-btn-wrapper eb-parent-eb-popup-z6q6dql\"><div class=\"eb-popup-button alignment-center\"><a class=\"eb-popup-button-anchor\"><p>Mais informa\u00e7\u00e3o<\/p><\/a><\/div><\/div><div class=\"eb-popup-overlay\"><\/div><div class=\"modal-main-wrap\"><div class=\"eb-modal-container eb_popup_middle_center\"><div class=\"eb-popup-content\"><div class=\"eb-popup-close-icon\">X<\/div>\n\n\t\n\t<div id=\"ep-gutenberg-content-17d7658f68e9ea22f35433abd808bd4d\" class=\"ep-gutenberg-content  ep-fixed-width   ep-content-protection-disabled\">\n\t\t<div class=\"embedpress-inner-iframe  ep-doc-17d7658f68e9ea22f35433abd808bd4d\" style=\"max-width:100%\" id=\"embedpress-pdf-1678658901932\">\n\t\t\n\t\t\t<div class=\"ep-embed-content-wraper\"><div class=\"position-right-wraper gutenberg-pdf-wraper\"><iframe title=\"CLOSE PROTECTION (ES)\" class=\"embedpress-embed-document-pdf embedpress-pdf-1678658901932\" style=\"width:600px;height:600px; max-width:100%; display: inline-block\" src=\"https:\/\/cg2mconsulting.com\/wp-admin\/admin-ajax.php?action=get_viewer&amp;file=https%3A%2F%2Fcg2mconsulting.com%2Fwp-content%2Fuploads%2F2023%2F03%2FCLOSE-PROTECTION-ES.pdf#key=dGhlbWVNb2RlPWRlZmF1bHQmdG9vbGJhcj10cnVlJnBvc2l0aW9uPXRvcCZwcmVzZW50YXRpb249dHJ1ZSZkb3dubG9hZD10cnVlJmNvcHlfdGV4dD10cnVlJmFkZF90ZXh0PXRydWUmZHJhdz10cnVlJmRvY19yb3RhdGlvbj10cnVlJmRvY19kZXRhaWxzPXRydWU=\" frameborder=\"0\" oncontextmenu=\"return false;\"><\/iframe> <\/div><\/div>\t\t\t\n\t\t<\/div>\n\t<\/div>\n\n\n\n<div id=\"wp-block-themeisle-blocks-button-group-be215db8\" class=\"wp-block-themeisle-blocks-button-group wp-block-buttons align-full-desktop\">\n<div id=\"wp-block-themeisle-blocks-button-4b4f782c\" class=\"wp-block-themeisle-blocks-button wp-block-button\"><a target=\"_self\" rel=\"noopener noreferrer\" class=\"wp-block-button__link\"><span>DESCARGAR PDF<\/span><\/a><\/div>\n<\/div>\n<\/div><\/div><\/div><\/div><\/div><\/div>\n\n\n\n<div class=\"wp-block-buttons is-vertical is-content-justification-center is-layout-flex wp-container-core-buttons-is-layout-2 wp-block-buttons-is-layout-flex\"><\/div>\n<\/div>\n<\/div><\/section>\n\n\n\n<p><\/p>","protected":false},"excerpt":{"rendered":"<p>Nossos cursos<\/p>","protected":false},"author":1,"featured_media":0,"parent":0,"menu_order":0,"comment_status":"closed","ping_status":"closed","template":"","meta":{"ub_ctt_via":"","_eb_attr":"","_uag_custom_page_level_css":"","_themeisle_gutenberg_block_has_review":false,"footnotes":""},"class_list":["post-143","page","type-page","status-publish","hentry"],"featured_image_src":null,"uagb_featured_image_src":{"full":false,"thumbnail":false,"medium":false,"medium_large":false,"large":false,"1536x1536":false,"2048x2048":false,"trp-custom-language-flag":false,"post-thumbnail":false,"signify-slider":false,"signify-featured-content":false,"signify-photography":false,"signify-promotion-headline":false},"uagb_author_info":{"display_name":"admin","author_link":"https:\/\/cg2mconsulting.com\/pt\/author\/admin\/"},"uagb_comment_info":0,"uagb_excerpt":"Nuestros cursos","_links":{"self":[{"href":"https:\/\/cg2mconsulting.com\/pt\/wp-json\/wp\/v2\/pages\/143"}],"collection":[{"href":"https:\/\/cg2mconsulting.com\/pt\/wp-json\/wp\/v2\/pages"}],"about":[{"href":"https:\/\/cg2mconsulting.com\/pt\/wp-json\/wp\/v2\/types\/page"}],"author":[{"embeddable":true,"href":"https:\/\/cg2mconsulting.com\/pt\/wp-json\/wp\/v2\/users\/1"}],"replies":[{"embeddable":true,"href":"https:\/\/cg2mconsulting.com\/pt\/wp-json\/wp\/v2\/comments?post=143"}],"version-history":[{"count":130,"href":"https:\/\/cg2mconsulting.com\/pt\/wp-json\/wp\/v2\/pages\/143\/revisions"}],"predecessor-version":[{"id":928,"href":"https:\/\/cg2mconsulting.com\/pt\/wp-json\/wp\/v2\/pages\/143\/revisions\/928"}],"wp:attachment":[{"href":"https:\/\/cg2mconsulting.com\/pt\/wp-json\/wp\/v2\/media?parent=143"}],"curies":[{"name":"wp","href":"https:\/\/api.w.org\/{rel}","templated":true}]}}