{"id":2,"date":"2023-02-10T19:41:49","date_gmt":"2023-02-10T19:41:49","guid":{"rendered":"https:\/\/cg2mconsulting.com\/?page_id=2"},"modified":"2023-03-11T16:54:58","modified_gmt":"2023-03-11T16:54:58","slug":"sample-page","status":"publish","type":"page","link":"https:\/\/cg2mconsulting.com\/pt\/","title":{"rendered":"P\u00e1gina inicial"},"content":{"rendered":"<p><\/p>\n\n\n\t\t<div class='wp-block-psb-parallax ticss-ad8d52a0 alignfull' id='psbParallaxSection-a0111cbc-6'>\r\n\t\t\t<style>\r\n\t\t\t\t\r\n\t\t\t#psbParallaxSection-a0111cbc-6{\r\n\t\t\t\tmin-height: 698px;\r\n\t\t\t}\r\n\t\t\t#psbParallaxSection-a0111cbc-6 .psbParallaxSection{\r\n\t\t\t\tjustify-content: center;\r\n\t\t\t\ttext-align: center;\r\n\t\t\t\tmin-height: 698px;\r\n\t\t\t\tpadding: 0px 30px;\r\n\t\t\t}\r\n\t\t\t#psbParallaxSection-a0111cbc-6 .psbParallaxImg{\r\n\t\t\t\tbackground: url(https:\/\/cg2mconsulting.com\/wp-content\/uploads\/2023\/02\/soldados-ejercito-luchando-armas-defendiendo-su-pais_1303-26697.jpg); background-color: #000000b3; background-position: center center; background-size: contain; background-repeat: repeat-y; background-attachment: initial; background-blend-mode: overlay;\r\n\t\t\t}\r\n\t\t\t\t\t<\/style>\r\n\r\n\t\t\t<div class='psbParallaxImg' data-speed='-1'><\/div>\r\n\r\n\t\t\t<div class='psbParallaxSection'>\r\n\t\t\t\t\n\n<h1 class=\"notranslate\" style=\"font-size:94px;letter-spacing: 3px;text-transform: None;font-family:opensanshebrewcondensed;font-weight: bold;line-height: 60px\">CG2M CONSULTING<\/h1>\n\n\n\n<p class=\"ticss-59f2ddd3\" style=\"font-size:29px\"><strong><span style=\"text-decoration: underline\" class=\"underline\"><a href=\"\/cursos\/\">Pr\u00f3ximos cursos<\/a><\/span><\/strong><\/p>\n\n\t\t\t<\/div>\r\n\t\t<\/div>\r\n\r\n\t\t\n\n\n<div class=\"wp-block-uagb-container uagb-block-ee49bbdd alignfull uagb-is-root-container\"><div class=\"uagb-container-inner-blocks-wrap\">\t<div class=\"svpPlayer\" data-props='{&quot;data&quot;:{&quot;src&quot;:&quot;https:\\\/\\\/cg2mconsulting.com\\\/wp-content\\\/uploads\\\/2023\\\/02\\\/video-andres-muisca-definitivo-1.mp4&quot;,&quot;poster&quot;:&quot;https:\\\/\\\/cg2mconsulting.com\\\/wp-content\\\/uploads\\\/2023\\\/02\\\/Captura-de-pantalla-2023-02-26-193059.png&quot;,&quot;captions&quot;:[{&quot;vtt&quot;:&quot;&quot;,&quot;label&quot;:&quot;&quot;}]},&quot;options&quot;:{&quot;repeat&quot;:false,&quot;muted&quot;:false,&quot;autoplay&quot;:false,&quot;playsinline&quot;:true},&quot;styles&quot;:{&quot;width&quot;:&quot;100%&quot;,&quot;primaryColor&quot;:&quot;#00b2ff&quot;,&quot;secondaryColor&quot;:&quot;#fff&quot;,&quot;customCSS&quot;:&quot;&quot;}}'><\/div>\r\n\t\r\n\t\n<\/div><\/div>\n\n\n\t\t<div class='wp-block-psb-parallax ticss-ad8d52a0 alignfull' id='psbParallaxSection-5803688c-3'>\r\n\t\t\t<style>\r\n\t\t\t\t\r\n\t\t\t#psbParallaxSection-5803688c-3{\r\n\t\t\t\tmin-height: 700px;\r\n\t\t\t}\r\n\t\t\t#psbParallaxSection-5803688c-3 .psbParallaxSection{\r\n\t\t\t\tjustify-content: center;\r\n\t\t\t\ttext-align: center;\r\n\t\t\t\tmin-height: 700px;\r\n\t\t\t\tpadding: 0px 30px;\r\n\t\t\t}\r\n\t\t\t#psbParallaxSection-5803688c-3 .psbParallaxImg{\r\n\t\t\t\tbackground: url(https:\/\/cg2mconsulting.com\/wp-content\/uploads\/2023\/02\/Close-protection.jpeg); background-color: #000000b3; background-position: center left; background-size: contain; background-repeat: repeat-y; background-attachment: initial; background-blend-mode: overlay;\r\n\t\t\t}\r\n\t\t\t\t\t<\/style>\r\n\r\n\t\t\t<div class='psbParallaxImg' data-speed='-1'><\/div>\r\n\r\n\t\t\t<div class='psbParallaxSection'>\r\n\t\t\t\t\n\n<h2 class=\"has-text-color wp-block-heading\" style=\"color:#fff;font-size:40px\">Curso de prote\u00e7\u00e3o das autoridades<\/h2>\n\n\n\n<p class=\"ticss-59f2ddd3\" style=\"font-size:27px\"><strong><span style=\"text-decoration: underline\" class=\"underline\"><a href=\"\/cursos\/\">Mais informa\u00e7\u00e3o<\/a><\/span><\/strong><\/p>\n\n\t\t\t<\/div>\r\n\t\t<\/div>\r\n\r\n\t\t\n\n\t\t<div class='wp-block-psb-parallax ticss-ad8d52a0 alignfull' id='psbParallaxSection-740b1bbf-d'>\r\n\t\t\t<style>\r\n\t\t\t\t\r\n\t\t\t#psbParallaxSection-740b1bbf-d{\r\n\t\t\t\tmin-height: 700px;\r\n\t\t\t}\r\n\t\t\t#psbParallaxSection-740b1bbf-d .psbParallaxSection{\r\n\t\t\t\tjustify-content: center;\r\n\t\t\t\ttext-align: center;\r\n\t\t\t\tmin-height: 700px;\r\n\t\t\t\tpadding: 0px 30px;\r\n\t\t\t}\r\n\t\t\t#psbParallaxSection-740b1bbf-d .psbParallaxImg{\r\n\t\t\t\tbackground: url(https:\/\/cg2mconsulting.com\/wp-content\/uploads\/2023\/02\/Imagen1.png); background-color: #000000b3; background-position: center center; background-size: contain; background-repeat: repeat; background-attachment: fixed; background-blend-mode: overlay;\r\n\t\t\t}\r\n\t\t\t\t\t<\/style>\r\n\r\n\t\t\t<div class='psbParallaxImg' data-speed='-1'><\/div>\r\n\r\n\t\t\t<div class='psbParallaxSection'>\r\n\t\t\t\t\n\n<h2 class=\"has-text-color wp-block-heading\" style=\"color:#fff;font-size:40px\">Tactical combat Casualty Care &#8211; TCCC<\/h2>\n\n\n\n<p class=\"ticss-59f2ddd3\" style=\"font-size:27px\"><strong><span style=\"text-decoration: underline\" class=\"underline\"><a href=\"https:\/\/cg2mconsulting.com\/cursos\/\">Mais informa\u00e7\u00e3o<\/a><\/span><\/strong><\/p>\n\n\t\t\t<\/div>\r\n\t\t<\/div>\r\n\r\n\t\t\n\n\n<div class=\"wp-block-media-text alignfull is-stacked-on-mobile is-vertically-aligned-center ticss-9a362336\"><figure class=\"wp-block-media-text__media\"><img fetchpriority=\"high\" decoding=\"async\" width=\"826\" height=\"644\" src=\"https:\/\/cg2mconsulting.com\/wp-content\/uploads\/2023\/03\/WhatsApp-Image-2023-03-01-at-17.04.36.jpeg\" alt=\"\" class=\"wp-image-449 size-medium\" srcset=\"https:\/\/cg2mconsulting.com\/wp-content\/uploads\/2023\/03\/WhatsApp-Image-2023-03-01-at-17.04.36.jpeg 826w, https:\/\/cg2mconsulting.com\/wp-content\/uploads\/2023\/03\/WhatsApp-Image-2023-03-01-at-17.04.36-300x234.jpeg 300w, https:\/\/cg2mconsulting.com\/wp-content\/uploads\/2023\/03\/WhatsApp-Image-2023-03-01-at-17.04.36-768x599.jpeg 768w, https:\/\/cg2mconsulting.com\/wp-content\/uploads\/2023\/03\/WhatsApp-Image-2023-03-01-at-17.04.36-15x12.jpeg 15w\" sizes=\"(max-width: 826px) 100vw, 826px\" \/><\/figure><div class=\"wp-block-media-text__content\">\n<div class=\"wp-block-uagb-advanced-heading uagb-block-d524e4c1\"><h2 class=\"uagb-heading-text\">Quem somos?<\/h2><\/div>\n\n\n\n<p>A CG2M Consulting \u00e9 uma empresa de seguran\u00e7a fundada por ex-integrantes de for\u00e7as de opera\u00e7\u00f5es especiais que tem como principal objetivo a forma\u00e7\u00e3o em mat\u00e9ria de seguran\u00e7a e prote\u00e7\u00e3o de profissionais do setor.<\/p>\n<\/div><\/div>","protected":false},"excerpt":{"rendered":"","protected":false},"author":1,"featured_media":0,"parent":0,"menu_order":0,"comment_status":"closed","ping_status":"open","template":"elementor_header_footer","meta":{"ub_ctt_via":"","_eb_attr":"","_uag_custom_page_level_css":"","_themeisle_gutenberg_block_has_review":false,"footnotes":""},"class_list":["post-2","page","type-page","status-publish","hentry"],"featured_image_src":null,"uagb_featured_image_src":{"full":false,"thumbnail":false,"medium":false,"medium_large":false,"large":false,"1536x1536":false,"2048x2048":false,"trp-custom-language-flag":false,"post-thumbnail":false,"signify-slider":false,"signify-featured-content":false,"signify-photography":false,"signify-promotion-headline":false},"uagb_author_info":{"display_name":"admin","author_link":"https:\/\/cg2mconsulting.com\/pt\/author\/admin\/"},"uagb_comment_info":0,"uagb_excerpt":null,"_links":{"self":[{"href":"https:\/\/cg2mconsulting.com\/pt\/wp-json\/wp\/v2\/pages\/2"}],"collection":[{"href":"https:\/\/cg2mconsulting.com\/pt\/wp-json\/wp\/v2\/pages"}],"about":[{"href":"https:\/\/cg2mconsulting.com\/pt\/wp-json\/wp\/v2\/types\/page"}],"author":[{"embeddable":true,"href":"https:\/\/cg2mconsulting.com\/pt\/wp-json\/wp\/v2\/users\/1"}],"replies":[{"embeddable":true,"href":"https:\/\/cg2mconsulting.com\/pt\/wp-json\/wp\/v2\/comments?post=2"}],"version-history":[{"count":251,"href":"https:\/\/cg2mconsulting.com\/pt\/wp-json\/wp\/v2\/pages\/2\/revisions"}],"predecessor-version":[{"id":883,"href":"https:\/\/cg2mconsulting.com\/pt\/wp-json\/wp\/v2\/pages\/2\/revisions\/883"}],"wp:attachment":[{"href":"https:\/\/cg2mconsulting.com\/pt\/wp-json\/wp\/v2\/media?parent=2"}],"curies":[{"name":"wp","href":"https:\/\/api.w.org\/{rel}","templated":true}]}}